{"id":353,"date":"2024-04-28T21:40:48","date_gmt":"2024-04-28T19:40:48","guid":{"rendered":"https:\/\/neurovallee.com\/?page_id=353"},"modified":"2025-09-22T14:33:48","modified_gmt":"2025-09-22T12:33:48","slug":"neurovallee-adultes","status":"publish","type":"page","link":"https:\/\/neurovallee.com\/index.php\/neurovallee-adultes\/","title":{"rendered":"Adultes"},"content":{"rendered":"\n<p class=\"has-text-align-center has-pale-cyan-blue-background-color has-background\"><strong>Tarifs valables au 1er F\u00e9vrier 2024<\/strong><\/p>\n\n\n\n<p class=\"has-text-align-center\">Seuls les psychologues affili\u00e9s au r\u00e9seau MonPsy sont rembours\u00e9s par la s\u00e9curit\u00e9 sociale \u00e0 hauteur de 30 euros ce qui correspond globalement \u00e0 des s\u00e9ances de 30 minutes. Ce dispositif ne prend pas en charge, pour l\u2019instant, les troubles du neurod\u00e9veloppement. En revanche, si vous avez une mutuelle, n\u2019h\u00e9sitez pas \u00e0 vous renseigner car certaines prennent en charge les consultations chez le psychologue !<\/p>\n\n\n<div class=\"wp-block-image\">\n<figure class=\"aligncenter\"><img loading=\"lazy\" decoding=\"async\" width=\"150\" height=\"150\" src=\"http:\/\/neurovallee.com\/wp-content\/uploads\/2021\/02\/P1140729-150x150.jpg\" alt=\"\" class=\"wp-image-81\" srcset=\"https:\/\/neurovallee.com\/wp-content\/uploads\/2021\/02\/P1140729-150x150.jpg 150w, https:\/\/neurovallee.com\/wp-content\/uploads\/2021\/02\/P1140729-100x100.jpg 100w\" sizes=\"auto, (max-width: 150px) 100vw, 150px\" \/><\/figure><\/div>\n\n\n<p class=\"has-text-align-center has-cyan-bluish-gray-background-color has-background\"><strong><u>LES CONSULTATIONS<\/u><\/strong><\/p>\n\n\n\n<p class=\"has-text-align-center has-pale-cyan-blue-background-color has-background\"><strong>Premi\u00e8re consultation<\/strong><\/p>\n\n\n\n<p class=\"has-text-align-center\">Il s\u2019agit de la rencontre. Cette consultation est indispensable avant toute prise en charge qui sera alors d\u00e9cid\u00e9e en commun. Il faut pr\u00e9voir entre 1h et 1h30.<\/p>\n\n\n\n<p class=\"has-text-align-center\"><strong>Tarif&nbsp;: 60 \u20ac<\/strong><\/p>\n\n\n\n<p class=\"has-text-align-center has-pale-cyan-blue-background-color has-background\"><strong>Consultation de suivi<\/strong><\/p>\n\n\n\n<p class=\"has-text-align-center\">Il peut s\u2019agir de s\u00e9ances d\u2019accompagnement ou de rem\u00e9diation cognitive adapt\u00e9es. Il peut \u00e9galement s\u2019agir d\u2019un accompagnement pour les aidants. Un suivi r\u00e9gulier peut \u00eatre propos\u00e9. Les d\u00e9tails sont vus lors de la premi\u00e8re rencontre.<\/p>\n\n\n\n<p class=\"has-text-align-center\"><strong>Tarif&nbsp;: 50 \u20ac<\/strong><\/p>\n\n\n\n<p class=\"has-text-align-center has-pale-cyan-blue-background-color has-background\"><strong>Consultation ponctuelle<\/strong><\/p>\n\n\n\n<p class=\"has-text-align-center\">A la suite de la premi\u00e8re rencontre et \u00e9ventuellement apr\u00e8s un bilan, il est possible qu\u2019il y ait eu des changements ou que vous ayez de nouvelles questions. Une consultation unique peut avoir lieu.<\/p>\n\n\n\n<p class=\"has-text-align-center\"><strong>Tarif&nbsp;: 50 \u20ac<\/strong><\/p>\n\n\n\n<p class=\"has-text-align-center has-pale-pink-background-color has-background\"><strong>Consultation Compl\u00e9mentaire en Neurod\u00e9veloppement (TDA\/TSA)<\/strong><\/p>\n\n\n\n<p class=\"has-text-align-center\">Cette consultation vient en compl\u00e9ment d\u2019une premi\u00e8re consultation d\u2019anamn\u00e8se. Elle permet d\u2019explorer de mani\u00e8re plus sp\u00e9cifique la trajectoire d\u00e9veloppementale et les probl\u00e9matiques li\u00e9es aux apprentissages.<\/p>\n\n\n\n<p class=\"has-text-align-center\">Il est possible que vous receviez des questionnaires \u00e0 compl\u00e9ter. Ces questionnaires sont des \u00e9l\u00e9ments importants pour avoir un faisceau d&#8217;arguments plus solides encore pour l&#8217;aide au diagnostic ou pour comprendre comment vous fonctionnez. Une fois les questionnaires r\u00e9cup\u00e9r\u00e9s et trait\u00e9s, un compte-rendu vous sera transmis.<\/p>\n\n\n\n<p class=\"has-text-align-center\"><strong>Tarifs&nbsp;: 100 \u20ac<\/strong><\/p>\n\n\n\n<p class=\"has-text-align-center has-cyan-bluish-gray-background-color has-background\"><strong><u>LES BILANS<\/u><\/strong><\/p>\n\n\n\n<p class=\"has-text-align-center has-pale-cyan-blue-background-color has-background\"><strong>Bilan psychom\u00e9trique (test de QI)<\/strong>&nbsp;<\/p>\n\n\n\n<p class=\"has-text-align-center\">Il faut pr\u00e9voir un cr\u00e9neau d&#8217;environ 2h \u00e0 2h30.<\/p>\n\n\n\n<p class=\"has-text-align-center\"><strong>Tarif&nbsp;: 200 \u20ac<\/strong><\/p>\n\n\n\n<p class=\"has-text-align-center has-pale-cyan-blue-background-color has-background\"><strong>Bilan neuropsychologique \/ Bilan pour la reprise de la conduite&nbsp;<\/strong><\/p>\n\n\n\n<p class=\"has-text-align-center\">C&#8217;est un bilan plus sp\u00e9cifique au sein duquel il est possible d&#8217;\u00e9valuer certaines comp\u00e9tences de mani\u00e8re plus pr\u00e9cise, par exemple la concentration, la m\u00e9moire ou les capacit\u00e9s \u00e0 faire preuve de flexibilit\u00e9. Il faut pr\u00e9voir deux cr\u00e9neaux de 1h30.<\/p>\n\n\n\n<p class=\"has-text-align-center\"><strong>Tarifs&nbsp;: 300 \u20ac<\/strong><\/p>\n\n\n\n<p class=\"has-text-align-center has-pale-cyan-blue-background-color has-background\"><strong>Bilan complet<\/strong><\/p>\n\n\n\n<p class=\"has-text-align-center\">Il comprend le bilan psychom\u00e9trique et le bilan neuropsychologique. Il faut pr\u00e9voir trois cr\u00e9neaux (2h+1h30+ 1h30).<\/p>\n\n\n\n<p class=\"has-text-align-center\"><strong>Tarif&nbsp;: 400 \u20ac<\/strong><\/p>\n\n\n\n<p class=\"has-text-align-center has-pale-cyan-blue-background-color has-background\"><strong>Consultation m\u00e9moire sp\u00e9cifique (+75 ans)<\/strong><\/p>\n\n\n\n<p class=\"has-text-align-center\">Il s\u2019agit d\u2019une consultation qui permet d\u2019explorer le fonctionnement cognitif (m\u00e9moire, attention, compr\u00e9hension, langage, organisation \u2026) en fonction des besoins (diagnostic, mise en place d\u2019un accompagnement, meilleure compr\u00e9hension des difficult\u00e9s pour soi ou ses proches, pour se rassurer sur ses difficult\u00e9s).&nbsp;<\/p>\n\n\n\n<p class=\"has-text-align-center\">Il faut pr\u00e9voir un cr\u00e9neau de 2h.&nbsp;<\/p>\n\n\n\n<p class=\"has-text-align-center\"><strong>Tarif&nbsp;: 200 \u20ac<\/strong><\/p>\n\n\n\n<p class=\"has-text-align-center has-pale-cyan-blue-background-color has-background\"><strong>Bilan de d\u00e9pistage (+75 ans)<\/strong><\/p>\n\n\n\n<p class=\"has-text-align-center\">Un d\u00e9pistage peut \u00eatre propos\u00e9 suite \u00e0 un premier entretien afin d\u2019avoir un premier aper\u00e7u des difficult\u00e9s et de leur s\u00e9v\u00e9rit\u00e9 et afin de vous orienter vers d\u2019autres professionnels de la mani\u00e8re la plus adapt\u00e9e. Lorsqu\u2019il n\u2019est pas pertinent, pour diverses raisons, que le bilan soit r\u00e9alis\u00e9 au sein de notre cabinet, seul le d\u00e9pistage peut \u00eatre effectu\u00e9.<\/p>\n\n\n\n<p class=\"has-text-align-center\"><strong>Tarif&nbsp;: 90 \u20ac<\/strong><\/p>\n\n\n\n<p class=\"has-text-align-center has-pale-cyan-blue-background-color has-background\"><strong>Remise des r\u00e9sultats<\/strong><\/p>\n\n\n\n<p class=\"has-text-align-center\">A la suite du temps du bilan, vient le temps des r\u00e9sultats. Entre 2 et 3 semaines apr\u00e8s le bilan (traitement des r\u00e9sultats, r\u00e9daction d\u2019un compte-rendu d\u00e9taill\u00e9), une consultation de remise des r\u00e9sultats sera programm\u00e9e par t\u00e9l\u00e9phone (30 min) ou en pr\u00e9sentiel au cabinet (1h \u00e0 1h30).<\/p>\n\n\n\n<p class=\"has-text-align-center\"><strong>Tarif&nbsp;: Inclus dans le bilan par t\u00e9l\u00e9phone \/ 60 \u20ac en pr\u00e9sentiel&nbsp;<\/strong><\/p>\n\n\n\n<p class=\"has-text-align-center has-cyan-bluish-gray-background-color has-background\"><strong><u>AUTRES PRESATIONS<\/u><\/strong><\/p>\n\n\n\n<p class=\"has-text-align-center has-pale-pink-background-color has-background\"><strong>Habilet\u00e9s parentales \/ Guidance parentale&nbsp;<\/strong><\/p>\n\n\n\n<p class=\"has-text-align-center\"><strong>Tarif\u00a0: 100 \u20ac par couple \/ par matin\u00e9e<\/strong><\/p>\n\n\n\n<p><\/p>\n","protected":false},"excerpt":{"rendered":"<p>Tarifs valables au 1er F\u00e9vrier 2024 Seuls les psychologues affili\u00e9s au r\u00e9seau MonPsy sont rembours\u00e9s par la s\u00e9curit\u00e9 sociale \u00e0 hauteur de 30 euros ce qui correspond globalement \u00e0 des s\u00e9ances de 30 minutes. Ce dispositif ne prend pas en charge, pour l\u2019instant, les troubles du neurod\u00e9veloppement. En revanche, si vous avez une mutuelle, n\u2019h\u00e9sitez &hellip; <\/p>\n<p class=\"link-more\"><a href=\"https:\/\/neurovallee.com\/index.php\/neurovallee-adultes\/\" class=\"more-link\">Continue reading<span class=\"screen-reader-text\"> &#8220;Adultes&#8221;<\/span><\/a><\/p>\n","protected":false},"author":1,"featured_media":0,"parent":0,"menu_order":0,"comment_status":"closed","ping_status":"closed","template":"","meta":{"footnotes":""},"class_list":["post-353","page","type-page","status-publish","hentry"],"_links":{"self":[{"href":"https:\/\/neurovallee.com\/index.php\/wp-json\/wp\/v2\/pages\/353","targetHints":{"allow":["GET"]}}],"collection":[{"href":"https:\/\/neurovallee.com\/index.php\/wp-json\/wp\/v2\/pages"}],"about":[{"href":"https:\/\/neurovallee.com\/index.php\/wp-json\/wp\/v2\/types\/page"}],"author":[{"embeddable":true,"href":"https:\/\/neurovallee.com\/index.php\/wp-json\/wp\/v2\/users\/1"}],"replies":[{"embeddable":true,"href":"https:\/\/neurovallee.com\/index.php\/wp-json\/wp\/v2\/comments?post=353"}],"version-history":[{"count":7,"href":"https:\/\/neurovallee.com\/index.php\/wp-json\/wp\/v2\/pages\/353\/revisions"}],"predecessor-version":[{"id":418,"href":"https:\/\/neurovallee.com\/index.php\/wp-json\/wp\/v2\/pages\/353\/revisions\/418"}],"wp:attachment":[{"href":"https:\/\/neurovallee.com\/index.php\/wp-json\/wp\/v2\/media?parent=353"}],"curies":[{"name":"wp","href":"https:\/\/api.w.org\/{rel}","templated":true}]}}